{"id":6,"date":"2019-11-26T12:23:06","date_gmt":"2019-11-26T12:23:06","guid":{"rendered":"https:\/\/demosites.io\/blogger-gb\/?page_id=6"},"modified":"2024-01-05T18:44:26","modified_gmt":"2024-01-05T21:44:26","slug":"582c1-blogger-gb-about","status":"publish","type":"page","link":"https:\/\/loukan.com.br\/?page_id=6","title":{"rendered":"Sobre N\u00f3s"},"content":{"rendered":"\n<div id=\"wp-block-themeisle-blocks-advanced-columns-ba35ac10\" class=\"wp-block-themeisle-blocks-advanced-columns alignfull has-1-columns has-desktop-equal-layout has-tablet-equal-layout has-mobile-equal-layout has-vertical-unset\"><div class=\"wp-block-themeisle-blocks-advanced-columns-overlay\"><\/div><div class=\"innerblocks-wrap\">\n<div id=\"wp-block-themeisle-blocks-advanced-column-3a260695\" class=\"wp-block-themeisle-blocks-advanced-column\"><\/div>\n<\/div><\/div>\n\n\n\n<h2 class=\"wp-block-heading\">A ideia e o in\u00edcio<\/h2>\n\n\n\n<p>Ol\u00e1, sou Lucas Surugi, idealizador desse projeto.<\/p>\n\n\n\n<p>Sou muito curioso em diversos assuntos relacionados \u00e0 f\u00e9 crist\u00e3. Gosto de estudar sobre a forma\u00e7\u00e3o da b\u00edblia, sobre os contextos hist\u00f3ricos, geogr\u00e1ficos, sociais e liter\u00e1rios dos textos b\u00edblicos, sobre as l\u00ednguas originais e a hist\u00f3ria da Igreja. Percebi que estava aprendendo muitas coisas boas, principalmente com bons livros e queria que o mundo inteiro tamb\u00e9m conhecesse esses assuntos.<\/p>\n\n\n\n<p>Inicialmente a ideia era simplesmente ser uma livraria crist\u00e3, mas esse objetivo ficava muito aqu\u00e9m do real prop\u00f3sito que eu tinha em mente: contribuir para a constru\u00e7\u00e3o de uma f\u00e9 mais madura e intelectualmente s\u00f3lida do corpo de Cristo.<\/p>\n\n\n\n<p>Assim surgiu a ideia de, al\u00e9m da livraria, compartilhar devocionais elaborados partir de estudos mais aprofundados nos livros e passagens b\u00edblicas e tamb\u00e9m estudos em diversos eventos na hist\u00f3ria do Cristianismo muito interessantes, mas muitas vezes pouco conhecidos e que contribu\u00edram para a forma\u00e7\u00e3o da Igreja de hoje.<\/p>\n\n\n\n<h2 class=\"wp-block-heading\">O nome<\/h2>\n\n\n\n<p>O nome Loukan surgiu a partir da forma do nome Lucas no grego. \u039b\u039f\u03a5\u039a\u0391\u039d &#8211; Loukan (uma das formas para o substantivo \u201cLucas\u201d, como encontrado no t\u00edtulo do Novo Testamento em grego \u201cevangelho de Lucas\u201d &#8211; \u03b5\u03c5\u03b1\u03b3\u03b3\u03ad\u03bb\u03b9\u03bf\u03bd \u03ba\u03b1\u03c4\u03ac \u039b\u03bf\u03c5\u03ba\u03b1\u03bd \u2192 <em>evangelion kata Loukan<\/em>)<\/p>\n\n\n\n<p>Al\u00e9m de ser o meu nome (rs), homenageia o evangelista por sua dedica\u00e7\u00e3o ao estudo aprofundado dos acontecimentos que ele compartilha para que se tenha certeza sobre a f\u00e9 em Jesus Cristo.<\/p>\n\n\n\n<p><em>\u202c\u202c\u201cMuitos j\u00e1 se dedicaram a elaborar um relato dos fatos que se cumpriram entre n\u00f3s, conforme nos foram transmitidos por aqueles que desde o in\u00edcio foram testemunhas oculares e servos da palavra. Eu mesmo investiguei tudo cuidadosamente, desde o come\u00e7o, e decidi escrever-te um relato ordenado, \u00f3 excelent\u00edssimo Te\u00f3filo, para que tenhas a certeza das coisas que te foram ensinadas.\u201d<\/em><\/p>\n\n\n\n<p>Lucas 1:1-4 NVI<\/p>\n\n\n\n<div id=\"wp-block-themeisle-blocks-advanced-columns-350732b2\" class=\"wp-block-themeisle-blocks-advanced-columns alignfull has-2-columns has-desktop-equal-layout has-tablet-equal-layout has-mobile-collapsedRows-layout has-vertical-unset\"><div class=\"wp-block-themeisle-blocks-advanced-columns-overlay\"><\/div><div class=\"innerblocks-wrap\">\n<div id=\"wp-block-themeisle-blocks-advanced-column-b9f983d5\" class=\"wp-block-themeisle-blocks-advanced-column\">\n<h3 class=\"wp-block-heading has-nv-text-dark-bg-color has-text-color\">Devocionais<\/h3>\n\n\n\n<p class=\"has-nv-text-dark-bg-color has-text-color\">Nos devocionais voc\u00ea vai encontrar textos desenvolvidos a partir de estudos b\u00edblicos baseados em coment\u00e1rios, livros, v\u00eddeos, etc. Geralmente as publica\u00e7\u00f5es seguir\u00e3o uma sequ\u00eancia de estudos das passagens de um mesmo livro (por exemplo, a carta de Tiago) ou de um mesmo tema, sempre com indica\u00e7\u00e3o das refer\u00eancias bibliogr\u00e1ficas utilizadas.<\/p>\n\n\n\n<p class=\"has-text-align-left wp-block-themeisle-blocks-advanced-heading wp-block-themeisle-blocks-advanced-heading-291a439a has-black-color has-text-color\"><a href=\"https:\/\/loukan.com.br\/?cat=6\" title=\"Devocionais\"><mark style=\"background-color:rgba(0, 0, 0, 0);color:#333333\" class=\"has-inline-color\">Ver as publica\u00e7\u00f5es<\/mark><\/a><\/p>\n<\/div>\n\n\n\n<div id=\"wp-block-themeisle-blocks-advanced-column-57d9480e\" class=\"wp-block-themeisle-blocks-advanced-column\">\n<h3 class=\"wp-block-heading has-nv-text-dark-bg-color has-text-color\">Hist\u00f3ria da Igreja<\/h3>\n\n\n\n<p class=\"has-nv-text-dark-bg-color has-text-color\">Nessa p\u00e1gina, voc\u00ea encontrar\u00e1 textos sobre eventos que, mesmo que muitas vezes desconhecidos ou pouco conhecidos, influenciaram no desenvolvimento da f\u00e9 crist\u00e3 nas formas que a conhecemos atualmente, sempre indicando boa bibliografia para se aprofundar nos temas. Se preferir, no nosso canal no YouTube estar\u00e3o os v\u00eddeos que contam essas hist\u00f3rias.<\/p>\n\n\n\n<p class=\"wp-block-themeisle-blocks-advanced-heading wp-block-themeisle-blocks-advanced-heading-291a439a has-black-color has-text-color has-background has-link-color wp-elements-4705fa57a7f61b9eac8723d9179873b2\" style=\"background-color:#f2f3ee\"><a href=\"https:\/\/loukan.com.br\/?cat=5\" title=\"Hist\u00f3ria da Igreja\"><mark style=\"background-color:rgba(0, 0, 0, 0);color:#333333\" class=\"has-inline-color\">Ver as publica\u00e7\u00f5es<\/mark><\/a><\/p>\n<\/div>\n<\/div><\/div>\n","protected":false},"excerpt":{"rendered":"<p>A ideia e o in\u00edcio Ol\u00e1, sou Lucas Surugi, idealizador desse projeto. Sou muito curioso em diversos assuntos relacionados \u00e0 f\u00e9 crist\u00e3. Gosto de estudar sobre a forma\u00e7\u00e3o da b\u00edblia, sobre os contextos hist\u00f3ricos, geogr\u00e1ficos, sociais e liter\u00e1rios dos textos b\u00edblicos, sobre as l\u00ednguas originais e a hist\u00f3ria da Igreja. Percebi que estava aprendendo muitas [&hellip;]<\/p>\n","protected":false},"author":1,"featured_media":0,"parent":0,"menu_order":0,"comment_status":"closed","ping_status":"closed","template":"","meta":{"om_disable_all_campaigns":false,"_monsterinsights_skip_tracking":false,"_monsterinsights_sitenote_active":false,"_monsterinsights_sitenote_note":"","_monsterinsights_sitenote_category":0,"ocean_post_layout":"","ocean_both_sidebars_style":"","ocean_both_sidebars_content_width":0,"ocean_both_sidebars_sidebars_width":0,"ocean_sidebar":"","ocean_second_sidebar":"","ocean_disable_margins":"enable","ocean_add_body_class":"","ocean_shortcode_before_top_bar":"","ocean_shortcode_after_top_bar":"","ocean_shortcode_before_header":"","ocean_shortcode_after_header":"","ocean_has_shortcode":"","ocean_shortcode_after_title":"","ocean_shortcode_before_footer_widgets":"","ocean_shortcode_after_footer_widgets":"","ocean_shortcode_before_footer_bottom":"","ocean_shortcode_after_footer_bottom":"","ocean_display_top_bar":"default","ocean_display_header":"default","ocean_header_style":"","ocean_center_header_left_menu":"","ocean_custom_header_template":"","ocean_custom_logo":0,"ocean_custom_retina_logo":0,"ocean_custom_logo_max_width":0,"ocean_custom_logo_tablet_max_width":0,"ocean_custom_logo_mobile_max_width":0,"ocean_custom_logo_max_height":0,"ocean_custom_logo_tablet_max_height":0,"ocean_custom_logo_mobile_max_height":0,"ocean_header_custom_menu":"","ocean_menu_typo_font_family":"","ocean_menu_typo_font_subset":"","ocean_menu_typo_font_size":0,"ocean_menu_typo_font_size_tablet":0,"ocean_menu_typo_font_size_mobile":0,"ocean_menu_typo_font_size_unit":"px","ocean_menu_typo_font_weight":"","ocean_menu_typo_font_weight_tablet":"","ocean_menu_typo_font_weight_mobile":"","ocean_menu_typo_transform":"","ocean_menu_typo_transform_tablet":"","ocean_menu_typo_transform_mobile":"","ocean_menu_typo_line_height":0,"ocean_menu_typo_line_height_tablet":0,"ocean_menu_typo_line_height_mobile":0,"ocean_menu_typo_line_height_unit":"","ocean_menu_typo_spacing":0,"ocean_menu_typo_spacing_tablet":0,"ocean_menu_typo_spacing_mobile":0,"ocean_menu_typo_spacing_unit":"","ocean_menu_link_color":"","ocean_menu_link_color_hover":"","ocean_menu_link_color_active":"","ocean_menu_link_background":"","ocean_menu_link_hover_background":"","ocean_menu_link_active_background":"","ocean_menu_social_links_bg":"","ocean_menu_social_hover_links_bg":"","ocean_menu_social_links_color":"","ocean_menu_social_hover_links_color":"","ocean_disable_title":"default","ocean_disable_heading":"default","ocean_post_title":"","ocean_post_subheading":"","ocean_post_title_style":"","ocean_post_title_background_color":"","ocean_post_title_background":0,"ocean_post_title_bg_image_position":"","ocean_post_title_bg_image_attachment":"","ocean_post_title_bg_image_repeat":"","ocean_post_title_bg_image_size":"","ocean_post_title_height":0,"ocean_post_title_bg_overlay":0.5,"ocean_post_title_bg_overlay_color":"","ocean_disable_breadcrumbs":"default","ocean_breadcrumbs_color":"","ocean_breadcrumbs_separator_color":"","ocean_breadcrumbs_links_color":"","ocean_breadcrumbs_links_hover_color":"","ocean_display_footer_widgets":"default","ocean_display_footer_bottom":"default","ocean_custom_footer_template":"","_themeisle_gutenberg_block_has_review":false,"footnotes":""},"class_list":["post-6","page","type-page","status-publish","hentry","entry"],"aioseo_notices":[],"_links":{"self":[{"href":"https:\/\/loukan.com.br\/index.php?rest_route=\/wp\/v2\/pages\/6","targetHints":{"allow":["GET"]}}],"collection":[{"href":"https:\/\/loukan.com.br\/index.php?rest_route=\/wp\/v2\/pages"}],"about":[{"href":"https:\/\/loukan.com.br\/index.php?rest_route=\/wp\/v2\/types\/page"}],"author":[{"embeddable":true,"href":"https:\/\/loukan.com.br\/index.php?rest_route=\/wp\/v2\/users\/1"}],"replies":[{"embeddable":true,"href":"https:\/\/loukan.com.br\/index.php?rest_route=%2Fwp%2Fv2%2Fcomments&post=6"}],"version-history":[{"count":10,"href":"https:\/\/loukan.com.br\/index.php?rest_route=\/wp\/v2\/pages\/6\/revisions"}],"predecessor-version":[{"id":593,"href":"https:\/\/loukan.com.br\/index.php?rest_route=\/wp\/v2\/pages\/6\/revisions\/593"}],"wp:attachment":[{"href":"https:\/\/loukan.com.br\/index.php?rest_route=%2Fwp%2Fv2%2Fmedia&parent=6"}],"curies":[{"name":"wp","href":"https:\/\/api.w.org\/{rel}","templated":true}]}}